{"id":52,"date":"2020-07-17T21:29:40","date_gmt":"2020-07-17T21:29:40","guid":{"rendered":"https:\/\/www.gratonresortcasino.com\/?page_id=52"},"modified":"2026-04-03T14:47:05","modified_gmt":"2026-04-03T21:47:05","slug":"transportation","status":"publish","type":"page","link":"https:\/\/www.gratonresortcasino.com\/es\/about-us\/transportation\/","title":{"rendered":"Transporte"},"content":{"rendered":"","protected":false},"excerpt":{"rendered":"<p> [&#8230;]<\/p>\n<p><a class=\"btn btn-secondary understrap-read-more-link\" href=\"https:\/\/www.gratonresortcasino.com\/es\/about-us\/transportation\/\">Leer m\u00e1s&#8230;<span class=\"screen-reader-text\"> from Transportation<\/span><\/a><\/p>\n","protected":false},"author":9,"featured_media":0,"parent":23,"menu_order":0,"comment_status":"closed","ping_status":"closed","template":"page-templates\/custom.php","meta":{"_acf_changed":false,"footnotes":""},"class_list":["post-52","page","type-page","status-publish","hentry"],"acf":[],"yoast_head":"<!-- This site is optimized with the Yoast SEO Premium plugin v27.1 (Yoast SEO v27.1.1) - https:\/\/yoast.com\/product\/yoast-seo-premium-wordpress\/ -->\n<title>Transportation &amp; Directions | Graton Casino &amp; Resort<\/title>\n<meta name=\"description\" content=\"Get Transportation and Directions to Graton Resort &amp; Casino. Sit back, relax, and enjoy the comfort and convenience of our bus service from the Bay Area or Sonoma County Transit.\" \/>\n<meta name=\"robots\" content=\"index, follow, max-snippet:-1, max-image-preview:large, max-video-preview:-1\" \/>\n<link rel=\"canonical\" href=\"https:\/\/www.gratonresortcasino.com\/es\/about-us\/transportation\/\" \/>\n<meta property=\"og:locale\" content=\"es_ES\" \/>\n<meta property=\"og:type\" content=\"article\" \/>\n<meta property=\"og:title\" content=\"Transportation\" \/>\n<meta property=\"og:description\" content=\"Get Transportation and Directions to Graton Resort &amp; Casino. Sit back, relax, and enjoy the comfort and convenience of our bus service from the Bay Area or Sonoma County Transit.\" \/>\n<meta property=\"og:url\" content=\"https:\/\/www.gratonresortcasino.com\/es\/about-us\/transportation\/\" \/>\n<meta property=\"og:site_name\" content=\"Graton\" \/>\n<meta property=\"article:modified_time\" content=\"2026-04-03T21:47:05+00:00\" \/>\n<meta name=\"twitter:card\" content=\"summary_large_image\" \/>\n<script type=\"application\/ld+json\" class=\"yoast-schema-graph\">{\"@context\":\"https:\/\/schema.org\",\"@graph\":[{\"@type\":\"WebPage\",\"@id\":\"https:\/\/www.gratonresortcasino.com\/about-us\/transportation\/\",\"url\":\"https:\/\/www.gratonresortcasino.com\/about-us\/transportation\/\",\"name\":\"Transportation & Directions | Graton Casino & Resort\",\"isPartOf\":{\"@id\":\"https:\/\/www.gratonresortcasino.com\/ar\/#website\"},\"datePublished\":\"2020-07-17T21:29:40+00:00\",\"dateModified\":\"2026-04-03T21:47:05+00:00\",\"description\":\"Get Transportation and Directions to Graton Resort & Casino. Sit back, relax, and enjoy the comfort and convenience of our bus service from the Bay Area or Sonoma County Transit.\",\"breadcrumb\":{\"@id\":\"https:\/\/www.gratonresortcasino.com\/about-us\/transportation\/#breadcrumb\"},\"inLanguage\":\"es\",\"potentialAction\":[{\"@type\":\"ReadAction\",\"target\":[\"https:\/\/www.gratonresortcasino.com\/about-us\/transportation\/\"]}]},{\"@type\":\"BreadcrumbList\",\"@id\":\"https:\/\/www.gratonresortcasino.com\/about-us\/transportation\/#breadcrumb\",\"itemListElement\":[{\"@type\":\"ListItem\",\"position\":1,\"name\":\"Home\",\"item\":\"https:\/\/www.gratonresortcasino.com\/\"},{\"@type\":\"ListItem\",\"position\":2,\"name\":\"About Us\",\"item\":\"https:\/\/www.gratonresortcasino.com\/about-us\/\"},{\"@type\":\"ListItem\",\"position\":3,\"name\":\"Transportation\"}]},{\"@type\":\"WebSite\",\"@id\":\"https:\/\/www.gratonresortcasino.com\/ar\/#website\",\"url\":\"https:\/\/www.gratonresortcasino.com\/ar\/\",\"name\":\"Graton\",\"description\":\"Resort &amp; Casino\",\"potentialAction\":[{\"@type\":\"SearchAction\",\"target\":{\"@type\":\"EntryPoint\",\"urlTemplate\":\"https:\/\/www.gratonresortcasino.com\/ar\/?s={search_term_string}\"},\"query-input\":{\"@type\":\"PropertyValueSpecification\",\"valueRequired\":true,\"valueName\":\"search_term_string\"}}],\"inLanguage\":\"es\"}]}<\/script>\n<!-- \/ Yoast SEO Premium plugin. -->","yoast_head_json":{"title":"Transporte e indicaciones | Graton Casino &amp; Resort","description":"Obtenga transporte e indicaciones para llegar a Graton Resort &amp; Casino. Si\u00e9ntese, rel\u00e1jese y disfrute de la comodidad y conveniencia de nuestro servicio de autob\u00fas desde Bay Area o Sonoma County Transit.","robots":{"index":"index","follow":"follow","max-snippet":"max-snippet:-1","max-image-preview":"max-image-preview:large","max-video-preview":"max-video-preview:-1"},"canonical":"https:\/\/www.gratonresortcasino.com\/es\/about-us\/transportation\/","og_locale":"es_ES","og_type":"article","og_title":"Transportation","og_description":"Get Transportation and Directions to Graton Resort & Casino. Sit back, relax, and enjoy the comfort and convenience of our bus service from the Bay Area or Sonoma County Transit.","og_url":"https:\/\/www.gratonresortcasino.com\/es\/about-us\/transportation\/","og_site_name":"Graton","article_modified_time":"2026-04-03T21:47:05+00:00","twitter_card":"summary_large_image","schema":{"@context":"https:\/\/schema.org","@graph":[{"@type":"WebPage","@id":"https:\/\/www.gratonresortcasino.com\/about-us\/transportation\/","url":"https:\/\/www.gratonresortcasino.com\/about-us\/transportation\/","name":"Transporte e indicaciones | Graton Casino &amp; Resort","isPartOf":{"@id":"https:\/\/www.gratonresortcasino.com\/ar\/#website"},"datePublished":"2020-07-17T21:29:40+00:00","dateModified":"2026-04-03T21:47:05+00:00","description":"Obtenga transporte e indicaciones para llegar a Graton Resort &amp; Casino. Si\u00e9ntese, rel\u00e1jese y disfrute de la comodidad y conveniencia de nuestro servicio de autob\u00fas desde Bay Area o Sonoma County Transit.","breadcrumb":{"@id":"https:\/\/www.gratonresortcasino.com\/about-us\/transportation\/#breadcrumb"},"inLanguage":"es","potentialAction":[{"@type":"ReadAction","target":["https:\/\/www.gratonresortcasino.com\/about-us\/transportation\/"]}]},{"@type":"BreadcrumbList","@id":"https:\/\/www.gratonresortcasino.com\/about-us\/transportation\/#breadcrumb","itemListElement":[{"@type":"ListItem","position":1,"name":"Home","item":"https:\/\/www.gratonresortcasino.com\/"},{"@type":"ListItem","position":2,"name":"About Us","item":"https:\/\/www.gratonresortcasino.com\/about-us\/"},{"@type":"ListItem","position":3,"name":"Transportation"}]},{"@type":"WebSite","@id":"https:\/\/www.gratonresortcasino.com\/ar\/#website","url":"https:\/\/www.gratonresortcasino.com\/ar\/","name":"Graton","description":"Resort y Casino","potentialAction":[{"@type":"SearchAction","target":{"@type":"EntryPoint","urlTemplate":"https:\/\/www.gratonresortcasino.com\/ar\/?s={search_term_string}"},"query-input":{"@type":"PropertyValueSpecification","valueRequired":true,"valueName":"search_term_string"}}],"inLanguage":"es"}]}},"_links":{"self":[{"href":"https:\/\/www.gratonresortcasino.com\/es\/wp-json\/wp\/v2\/pages\/52","targetHints":{"allow":["GET"]}}],"collection":[{"href":"https:\/\/www.gratonresortcasino.com\/es\/wp-json\/wp\/v2\/pages"}],"about":[{"href":"https:\/\/www.gratonresortcasino.com\/es\/wp-json\/wp\/v2\/types\/page"}],"author":[{"embeddable":true,"href":"https:\/\/www.gratonresortcasino.com\/es\/wp-json\/wp\/v2\/users\/9"}],"replies":[{"embeddable":true,"href":"https:\/\/www.gratonresortcasino.com\/es\/wp-json\/wp\/v2\/comments?post=52"}],"version-history":[{"count":44,"href":"https:\/\/www.gratonresortcasino.com\/es\/wp-json\/wp\/v2\/pages\/52\/revisions"}],"predecessor-version":[{"id":13637,"href":"https:\/\/www.gratonresortcasino.com\/es\/wp-json\/wp\/v2\/pages\/52\/revisions\/13637"}],"up":[{"embeddable":true,"href":"https:\/\/www.gratonresortcasino.com\/es\/wp-json\/wp\/v2\/pages\/23"}],"wp:attachment":[{"href":"https:\/\/www.gratonresortcasino.com\/es\/wp-json\/wp\/v2\/media?parent=52"}],"curies":[{"name":"gracias","href":"https:\/\/api.w.org\/{rel}","templated":true}]}}