{"id":128,"date":"2020-07-21T20:16:41","date_gmt":"2020-07-21T20:16:41","guid":{"rendered":"https:\/\/dev-graton.pantheonsite.io\/?page_id=128"},"modified":"2025-10-22T11:55:11","modified_gmt":"2025-10-22T18:55:11","slug":"responsible-gaming","status":"publish","type":"page","link":"https:\/\/www.gratonresortcasino.com\/vi\/responsible-gaming\/","title":{"rendered":"Tr\u00f2 ch\u01a1i c\u00f3 tr\u00e1ch nhi\u1ec7m"},"content":{"rendered":"<p>H\u00e3y ch\u01a1i trong gi\u1edbi h\u1ea1n c\u1ee7a m\u00ecnh. N\u1ebfu b\u1ea1n ngh\u0129 m\u00ecnh c\u00f3 v\u1ea5n \u0111\u1ec1 v\u1ec1 c\u1edd b\u1ea1c, h\u00e3y g\u1ecdi 1-800-522-4700 \u0111\u1ec3 \u0111\u01b0\u1ee3c tr\u1ee3 gi\u00fap. D\u1ecbch v\u1ee5 h\u1ed7 tr\u1ee3 ho\u1ea1t \u0111\u1ed9ng 24\/7 v\u00e0 c\u00e1c chuy\u00ean vi\u00ean t\u01b0 v\u1ea5n t\u1eadn t\u00e2m, gi\u00e0u kinh nghi\u1ec7m s\u1ebd cung c\u1ea5p h\u1ed7 tr\u1ee3 b\u00ed m\u1eadt.<\/p>\n<p>&nbsp;<\/p>\n<p>B\u1ea1n c\u0169ng c\u00f3 th\u1ec3 t\u00ecm ki\u1ebfm h\u1ed7 tr\u1ee3 tr\u1ef1c tuy\u1ebfn t\u1ea1i\u00a0<a href=\"http:\/\/www.calproblemgambling.org\/\" target=\"blank\" rel=\"noopener noreferrer\">H\u1ed9i \u0111\u1ed3ng California v\u1ec1 v\u1ea5n \u0111\u1ec1 c\u1edd b\u1ea1c<\/a>.<\/p>","protected":false},"excerpt":{"rendered":"<p>Play within your limits.\u00a0 If you think you have a gambling problem call 1-800-522-4700 for help. Help is available 24 [&#8230;]<\/p>\n<p><a class=\"btn btn-secondary understrap-read-more-link\" href=\"https:\/\/www.gratonresortcasino.com\/vi\/responsible-gaming\/\">Read More&#8230;<span class=\"screen-reader-text\"> from Responsible Gaming<\/span><\/a><\/p>\n","protected":false},"author":9,"featured_media":0,"parent":0,"menu_order":0,"comment_status":"closed","ping_status":"closed","template":"page-templates\/fullwidthpage.php","meta":{"_acf_changed":false,"footnotes":""},"class_list":["post-128","page","type-page","status-publish","hentry"],"acf":[],"yoast_head":"<!-- This site is optimized with the Yoast SEO Premium plugin v27.1 (Yoast SEO v27.1.1) - https:\/\/yoast.com\/product\/yoast-seo-premium-wordpress\/ -->\n<title>Responsible Gaming - Graton Resort &amp; Casino<\/title>\n<meta name=\"robots\" content=\"index, follow, max-snippet:-1, max-image-preview:large, max-video-preview:-1\" \/>\n<link rel=\"canonical\" href=\"https:\/\/gratonresortcasino.com\/zh\/responsible-gaming\/\" \/>\n<meta property=\"og:locale\" content=\"vi_VN\" \/>\n<meta property=\"og:type\" content=\"article\" \/>\n<meta property=\"og:title\" content=\"Responsible Gaming\" \/>\n<meta property=\"og:description\" content=\"Play within your limits.\u00a0 If you think you have a gambling problem call 1-800-522-4700 for help. Help is available 24 [...]Read More... from Responsible Gaming\" \/>\n<meta property=\"og:url\" content=\"https:\/\/gratonresortcasino.com\/zh\/responsible-gaming\/\" \/>\n<meta property=\"og:site_name\" content=\"Graton\" \/>\n<meta property=\"article:modified_time\" content=\"2025-10-22T18:55:11+00:00\" \/>\n<meta name=\"twitter:card\" content=\"summary_large_image\" \/>\n<script type=\"application\/ld+json\" class=\"yoast-schema-graph\">{\"@context\":\"https:\/\/schema.org\",\"@graph\":[{\"@type\":\"WebPage\",\"@id\":\"https:\/\/gratonresortcasino.com\/zh\/responsible-gaming\/\",\"url\":\"https:\/\/gratonresortcasino.com\/zh\/responsible-gaming\/\",\"name\":\"Responsible Gaming - Graton Resort & Casino\",\"isPartOf\":{\"@id\":\"https:\/\/www.gratonresortcasino.com\/zh_cn\/#website\"},\"datePublished\":\"2020-07-21T20:16:41+00:00\",\"dateModified\":\"2025-10-22T18:55:11+00:00\",\"breadcrumb\":{\"@id\":\"https:\/\/gratonresortcasino.com\/zh\/responsible-gaming\/#breadcrumb\"},\"inLanguage\":\"vi\",\"potentialAction\":[{\"@type\":\"ReadAction\",\"target\":[\"https:\/\/gratonresortcasino.com\/zh\/responsible-gaming\/\"]}]},{\"@type\":\"BreadcrumbList\",\"@id\":\"https:\/\/gratonresortcasino.com\/zh\/responsible-gaming\/#breadcrumb\",\"itemListElement\":[{\"@type\":\"ListItem\",\"position\":1,\"name\":\"Home\",\"item\":\"https:\/\/www.gratonresortcasino.com\/zh_cn\/\"},{\"@type\":\"ListItem\",\"position\":2,\"name\":\"Responsible Gaming\"}]},{\"@type\":\"WebSite\",\"@id\":\"https:\/\/www.gratonresortcasino.com\/zh_cn\/#website\",\"url\":\"https:\/\/www.gratonresortcasino.com\/zh_cn\/\",\"name\":\"Graton\",\"description\":\"Resort &amp; Casino\",\"potentialAction\":[{\"@type\":\"SearchAction\",\"target\":{\"@type\":\"EntryPoint\",\"urlTemplate\":\"https:\/\/www.gratonresortcasino.com\/zh_cn\/?s={search_term_string}\"},\"query-input\":{\"@type\":\"PropertyValueSpecification\",\"valueRequired\":true,\"valueName\":\"search_term_string\"}}],\"inLanguage\":\"vi\"}]}<\/script>\n<!-- \/ Yoast SEO Premium plugin. -->","yoast_head_json":{"title":"Ch\u01a1i game c\u00f3 tr\u00e1ch nhi\u1ec7m - Graton Resort &amp; Casino","robots":{"index":"index","follow":"follow","max-snippet":"max-snippet:-1","max-image-preview":"max-image-preview:large","max-video-preview":"max-video-preview:-1"},"canonical":"https:\/\/gratonresortcasino.com\/zh\/responsible-gaming\/","og_locale":"vi_VN","og_type":"article","og_title":"Responsible Gaming","og_description":"Play within your limits.\u00a0 If you think you have a gambling problem call 1-800-522-4700 for help. Help is available 24 [...]Read More... from Responsible Gaming","og_url":"https:\/\/gratonresortcasino.com\/zh\/responsible-gaming\/","og_site_name":"Graton","article_modified_time":"2025-10-22T18:55:11+00:00","twitter_card":"summary_large_image","schema":{"@context":"https:\/\/schema.org","@graph":[{"@type":"WebPage","@id":"https:\/\/gratonresortcasino.com\/zh\/responsible-gaming\/","url":"https:\/\/gratonresortcasino.com\/zh\/responsible-gaming\/","name":"Ch\u01a1i game c\u00f3 tr\u00e1ch nhi\u1ec7m - Graton Resort &amp; Casino","isPartOf":{"@id":"https:\/\/www.gratonresortcasino.com\/zh_cn\/#website"},"datePublished":"2020-07-21T20:16:41+00:00","dateModified":"2025-10-22T18:55:11+00:00","breadcrumb":{"@id":"https:\/\/gratonresortcasino.com\/zh\/responsible-gaming\/#breadcrumb"},"inLanguage":"vi","potentialAction":[{"@type":"ReadAction","target":["https:\/\/gratonresortcasino.com\/zh\/responsible-gaming\/"]}]},{"@type":"BreadcrumbList","@id":"https:\/\/gratonresortcasino.com\/zh\/responsible-gaming\/#breadcrumb","itemListElement":[{"@type":"ListItem","position":1,"name":"Home","item":"https:\/\/www.gratonresortcasino.com\/zh_cn\/"},{"@type":"ListItem","position":2,"name":"Responsible Gaming"}]},{"@type":"WebSite","@id":"https:\/\/www.gratonresortcasino.com\/zh_cn\/#website","url":"https:\/\/www.gratonresortcasino.com\/zh_cn\/","name":"Graton","description":"Resort &amp; S\u00f2ng b\u1ea1c","potentialAction":[{"@type":"SearchAction","target":{"@type":"EntryPoint","urlTemplate":"https:\/\/www.gratonresortcasino.com\/zh_cn\/?s={search_term_string}"},"query-input":{"@type":"PropertyValueSpecification","valueRequired":true,"valueName":"search_term_string"}}],"inLanguage":"vi"}]}},"_links":{"self":[{"href":"https:\/\/www.gratonresortcasino.com\/vi\/wp-json\/wp\/v2\/pages\/128","targetHints":{"allow":["GET"]}}],"collection":[{"href":"https:\/\/www.gratonresortcasino.com\/vi\/wp-json\/wp\/v2\/pages"}],"about":[{"href":"https:\/\/www.gratonresortcasino.com\/vi\/wp-json\/wp\/v2\/types\/page"}],"author":[{"embeddable":true,"href":"https:\/\/www.gratonresortcasino.com\/vi\/wp-json\/wp\/v2\/users\/9"}],"replies":[{"embeddable":true,"href":"https:\/\/www.gratonresortcasino.com\/vi\/wp-json\/wp\/v2\/comments?post=128"}],"version-history":[{"count":3,"href":"https:\/\/www.gratonresortcasino.com\/vi\/wp-json\/wp\/v2\/pages\/128\/revisions"}],"predecessor-version":[{"id":12584,"href":"https:\/\/www.gratonresortcasino.com\/vi\/wp-json\/wp\/v2\/pages\/128\/revisions\/12584"}],"wp:attachment":[{"href":"https:\/\/www.gratonresortcasino.com\/vi\/wp-json\/wp\/v2\/media?parent=128"}],"curies":[{"name":"wp","href":"https:\/\/api.w.org\/{rel}","templated":true}]}}